{"id":482,"date":"2025-09-13T12:17:47","date_gmt":"2025-09-13T10:17:47","guid":{"rendered":"https:\/\/qualitaetsinitiative-medizinalcannabis.de\/?page_id=482"},"modified":"2025-09-17T23:13:08","modified_gmt":"2025-09-17T21:13:08","slug":"datenschutz","status":"publish","type":"page","link":"https:\/\/qualitaetsinitiative-medizinalcannabis.de\/?page_id=482","title":{"rendered":"Datenschutz"},"content":{"rendered":"\t\t<div data-elementor-type=\"wp-page\" data-elementor-id=\"482\" class=\"elementor elementor-482\" data-elementor-post-type=\"page\">\n\t\t\t\t\t\t<section class=\"elementor-section elementor-top-section elementor-element elementor-element-5e75346 elementor-section-boxed elementor-section-height-default elementor-section-height-default\" data-id=\"5e75346\" data-element_type=\"section\" data-settings=\"{&quot;background_background&quot;:&quot;classic&quot;}\">\n\t\t\t\t\t\t<div class=\"elementor-container elementor-column-gap-default\">\n\t\t\t\t\t<div class=\"elementor-column elementor-col-33 elementor-top-column elementor-element elementor-element-78e888cc\" data-id=\"78e888cc\" data-element_type=\"column\">\n\t\t\t<div class=\"elementor-widget-wrap elementor-element-populated\">\n\t\t\t\t\t\t<div class=\"elementor-element elementor-element-4f16e6fb elementor-widget elementor-widget-image\" data-id=\"4f16e6fb\" data-element_type=\"widget\" data-widget_type=\"image.default\">\n\t\t\t\t\t\t\t\t\t\t\t\t\t\t\t\t<a href=\"https:\/\/qualitaetsinitiative-medizinalcannabis.de\/\">\n\t\t\t\t\t\t\t<img fetchpriority=\"high\" decoding=\"async\" width=\"2560\" height=\"504\" src=\"https:\/\/qualitaetsinitiative-medizinalcannabis.de\/wp-content\/uploads\/2025\/09\/Logo_4000x4000_Lay4_Initiative_Logo2-scaled.png\" class=\"attachment-full size-full wp-image-453\" alt=\"\" srcset=\"https:\/\/qualitaetsinitiative-medizinalcannabis.de\/wp-content\/uploads\/2025\/09\/Logo_4000x4000_Lay4_Initiative_Logo2-scaled.png 2560w, https:\/\/qualitaetsinitiative-medizinalcannabis.de\/wp-content\/uploads\/2025\/09\/Logo_4000x4000_Lay4_Initiative_Logo2-300x59.png 300w, https:\/\/qualitaetsinitiative-medizinalcannabis.de\/wp-content\/uploads\/2025\/09\/Logo_4000x4000_Lay4_Initiative_Logo2-1024x202.png 1024w, https:\/\/qualitaetsinitiative-medizinalcannabis.de\/wp-content\/uploads\/2025\/09\/Logo_4000x4000_Lay4_Initiative_Logo2-768x151.png 768w, https:\/\/qualitaetsinitiative-medizinalcannabis.de\/wp-content\/uploads\/2025\/09\/Logo_4000x4000_Lay4_Initiative_Logo2-1536x302.png 1536w, https:\/\/qualitaetsinitiative-medizinalcannabis.de\/wp-content\/uploads\/2025\/09\/Logo_4000x4000_Lay4_Initiative_Logo2-2048x403.png 2048w\" sizes=\"(max-width: 2560px) 100vw, 2560px\" \/>\t\t\t\t\t\t\t\t<\/a>\n\t\t\t\t\t\t\t\t\t\t\t\t\t\t\t<\/div>\n\t\t\t\t\t<\/div>\n\t\t<\/div>\n\t\t\t\t<div class=\"elementor-column elementor-col-33 elementor-top-column elementor-element elementor-element-4844a548\" data-id=\"4844a548\" data-element_type=\"column\">\n\t\t\t<div class=\"elementor-widget-wrap elementor-element-populated\">\n\t\t\t\t\t\t\t<\/div>\n\t\t<\/div>\n\t\t\t\t<div class=\"elementor-column elementor-col-33 elementor-top-column elementor-element elementor-element-2f4f568f\" data-id=\"2f4f568f\" data-element_type=\"column\">\n\t\t\t<div class=\"elementor-widget-wrap elementor-element-populated\">\n\t\t\t\t\t\t<section class=\"elementor-section elementor-inner-section elementor-element elementor-element-169f9b82 elementor-section-boxed elementor-section-height-default elementor-section-height-default\" data-id=\"169f9b82\" data-element_type=\"section\">\n\t\t\t\t\t\t<div class=\"elementor-container elementor-column-gap-default\">\n\t\t\t\t\t<div class=\"elementor-column elementor-col-50 elementor-inner-column elementor-element elementor-element-313d54d5\" data-id=\"313d54d5\" data-element_type=\"column\">\n\t\t\t<div class=\"elementor-widget-wrap\">\n\t\t\t\t\t\t\t<\/div>\n\t\t<\/div>\n\t\t\t\t<div class=\"elementor-column elementor-col-50 elementor-inner-column elementor-element elementor-element-25384c34\" data-id=\"25384c34\" data-element_type=\"column\">\n\t\t\t<div class=\"elementor-widget-wrap\">\n\t\t\t\t\t\t\t<\/div>\n\t\t<\/div>\n\t\t\t\t\t<\/div>\n\t\t<\/section>\n\t\t\t\t\t<\/div>\n\t\t<\/div>\n\t\t\t\t\t<\/div>\n\t\t<\/section>\n\t\t\t\t<section class=\"elementor-section elementor-top-section elementor-element elementor-element-1bceae09 elementor-section-boxed elementor-section-height-default elementor-section-height-default\" data-id=\"1bceae09\" data-element_type=\"section\" data-settings=\"{&quot;background_background&quot;:&quot;classic&quot;}\">\n\t\t\t\t\t\t\t<div class=\"elementor-background-overlay\"><\/div>\n\t\t\t\t\t\t\t<div class=\"elementor-container elementor-column-gap-default\">\n\t\t\t\t\t<div class=\"elementor-column elementor-col-100 elementor-top-column elementor-element elementor-element-1d01d482\" data-id=\"1d01d482\" data-element_type=\"column\">\n\t\t\t<div class=\"elementor-widget-wrap elementor-element-populated\">\n\t\t\t\t\t\t<div class=\"elementor-element elementor-element-7968a6ea elementor-invisible elementor-widget elementor-widget-heading\" data-id=\"7968a6ea\" data-element_type=\"widget\" data-settings=\"{&quot;_animation&quot;:&quot;fadeInUp&quot;}\" data-widget_type=\"heading.default\">\n\t\t\t\t\t<h1 class=\"elementor-heading-title elementor-size-default\">Datenschutz<\/h1>\t\t\t\t<\/div>\n\t\t\t\t\t<\/div>\n\t\t<\/div>\n\t\t\t\t\t<\/div>\n\t\t<\/section>\n\t\t\t\t<section class=\"elementor-section elementor-top-section elementor-element elementor-element-1e1e1229 elementor-section-boxed elementor-section-height-default elementor-section-height-default\" data-id=\"1e1e1229\" data-element_type=\"section\" data-settings=\"{&quot;background_background&quot;:&quot;classic&quot;}\">\n\t\t\t\t\t\t\t<div class=\"elementor-background-overlay\"><\/div>\n\t\t\t\t\t\t\t<div class=\"elementor-container elementor-column-gap-default\">\n\t\t\t\t\t<div class=\"elementor-column elementor-col-100 elementor-top-column elementor-element elementor-element-401bbed0\" data-id=\"401bbed0\" data-element_type=\"column\">\n\t\t\t<div class=\"elementor-widget-wrap elementor-element-populated\">\n\t\t\t\t<div class=\"elementor-element elementor-element-59991539 e-con-full e-flex e-con e-parent\" data-id=\"59991539\" data-element_type=\"container\">\n\t\t<div class=\"elementor-element elementor-element-c724f1d e-con-full e-flex e-con e-child\" data-id=\"c724f1d\" data-element_type=\"container\">\n\t\t\t\t<div class=\"elementor-element elementor-element-6369300e elementor-invisible elementor-widget elementor-widget-text-editor\" data-id=\"6369300e\" data-element_type=\"widget\" data-settings=\"{&quot;_animation&quot;:&quot;fadeInUp&quot;}\" data-widget_type=\"text-editor.default\">\n\t\t\t\t\t\t\t\t\t<p><span style=\"font-size: 0.9rem;\">Wir nehmen den Schutz Ihrer pers\u00f6nlichen Daten sehr ernst. Personenbezogene Daten verarbeiten wir nur, soweit dies zur Bereitstellung einer funktionsf\u00e4higen Website erforderlich ist.<\/span><\/p><p>1. Verantwortlicher<\/p><p>dk Life Science Communications GmbH<br \/>Falkstra\u00dfe 5<br \/>60487 Frankfurt<br \/>Vertreten durch den Gesch\u00e4ftsf\u00fchrer Dr. Andreas Kloevekorn<br \/>Telefon: 069 \/ 2470 6950<br \/>Telefax: 069 \/ 7076 8753<\/p><p>Website: https:\/\/qualitaetsinitiative-medizinalcannabis.de<br \/>E-Mail: info@qualitaetsinitiative-medizinalcannabis.de<\/p><p>2. Erhebung und Speicherung personenbezogener Daten<\/p><p>Beim Aufruf unserer Website werden durch den von Ihnen verwendeten Browser automatisch Informationen an den Server unserer Website gesendet. Dies sind insbesondere:<br \/>&#8211; IP-Adresse des anfragenden Rechners<br \/>&#8211; Datum und Uhrzeit des Zugriffs<br \/>&#8211; Name und URL der abgerufenen Datei<br \/>&#8211; Browsertyp und ggf. Betriebssystem Ihres Rechners<\/p><p>Diese Daten werden ausschlie\u00dflich zum Zweck der Sicherstellung eines st\u00f6rungsfreien Betriebs der Website verarbeitet. Eine Speicherung oder Auswertung zu Marketingzwecken findet nicht statt.<\/p><p>3. Rechtsgrundlage der Verarbeitung<\/p><p>Rechtsgrundlage f\u00fcr die Verarbeitung ist Art. 6 Abs. 1 lit. f DSGVO (berechtigtes Interesse an der sicheren und funktionsf\u00e4higen Bereitstellung der Website).<\/p><p>4. Weitergabe von Daten<\/p><p>Eine Weitergabe an Dritte erfolgt nicht.<\/p><p>5. Betroffenenrechte<\/p><p>Sie haben bei Vorliegen der gesetzlichen Voraussetzungen gegen\u00fcber uns die folgenden Rechte hinsichtlich Ihrer personenbezogenen Daten:<\/p><p>5.1 Recht auf Auskunft<\/p><p>Sie haben das Recht Auskunft zu verlangen zu Kategorien der verarbeiteten Daten, Verarbeitungszwecken, etwaigen Empf\u00e4ngern der Daten, der geplanten Speicherdauer (Art. 15 DSGVO);<\/p><p>5.2 Recht auf Berichtigung,<\/p><p>Sie haben das Recht die Berichtigung bzw. Erg\u00e4nzung unrichtiger bzw. unvollst\u00e4ndiger Daten zu verlangen (Art. 16 DSGVO);<\/p><p>5.3. Recht auf L\u00f6schung<\/p><p>Sie haben das Recht in bestimmten F\u00e4llen im Rahmen des Art. 17 DSGVO die L\u00f6schung von Daten zu verlangen \u2013 insbesondere, wenn die Daten f\u00fcr den vorgesehenen Zweck nicht mehr erforderlich sind bzw. unrechtm\u00e4\u00dfig verarbeitet werden, oder Sie Ihre Einwilligung widerrufen oder einen Widerspruch erkl\u00e4rt haben;<\/p><p>5.4 Recht auf Einschr\u00e4nkung der Verarbeitung<\/p><p>Sie haben das Recht unter bestimmten Voraussetzungen die Einschr\u00e4nkung von Daten zu verlangen, soweit eine L\u00f6schung nicht m\u00f6glich bzw. die L\u00f6schpflicht streitig ist (Art. 18 DSGVO);<\/p><p>5.5 Recht auf Widerruf<\/p><p>Sie haben das Recht eine erteilte Einwilligung jederzeit mit Wirkung f\u00fcr die Zukunft zu widerrufen (Art. 7 Abs. 3 DSGVO);<\/p><p>5.6 Recht auf Widerspruch gegen die Verarbeitung<\/p><p>Sie haben das Recht einer Datenverarbeitung, die aufgrund eines berechtigten Interesses erfolgen soll, aus Gr\u00fcnden zu widersprechen, die sich aus Ihrer besonderen Situation ergeben. Daneben k\u00f6nnen Sie der Verarbeitung Ihrer personenbezogenen Daten f\u00fcr Zwecke der Werbung und Datenanalyse jederzeit, ohne Begr\u00fcndung, widersprechen (Art. 21 Abs. 1 DSGVO);<\/p><p>5.7 Recht auf Daten\u00fcbertragbarkeit<\/p><p>Sie haben das Recht auf Daten\u00fcbertragbarkeit, d.h. Sie k\u00f6nnen Ihre Daten, die Sie uns bereitgestellt haben, in einem g\u00e4ngigen maschinenlesbaren Format, wie z.B. CSV erhalten und ggf. an andere \u00fcbermitteln (Art. 20 DSGVO);<\/p><p>5.8 Recht auf Beschwerde<\/p><p>Wenn Sie der Ansicht sind, dass die Verarbeitung Ihrer Daten gegen das Datenschutzrecht verst\u00f6\u00dft oder Ihre datenschutzrechtlichen Anspr\u00fcche sonst in einer Weise verletzt worden sind, k\u00f6nnen Sie sich auch bei einer Datenschutz-Aufsichtsbeh\u00f6rde (Art. 77 DSGVO), etwa bei dem f\u00fcr uns zust\u00e4ndigen<\/p><p>Hessischen Beauftragten f\u00fcr Datenschutz und Informationsfreiheit<br \/>Postfach 3163, 65021 Wiesbaden<br \/>https:\/\/datenschutz.hessen.de\/kontakt.<\/p>\t\t\t\t\t\t\t\t<\/div>\n\t\t\t\t<\/div>\n\t\t\t\t<\/div>\n\t\t\t\t\t<\/div>\n\t\t<\/div>\n\t\t\t\t\t<\/div>\n\t\t<\/section>\n\t\t\t\t<section class=\"elementor-section elementor-top-section elementor-element elementor-element-4c29501a elementor-section-boxed elementor-section-height-default elementor-section-height-default\" data-id=\"4c29501a\" data-element_type=\"section\" data-settings=\"{&quot;background_background&quot;:&quot;classic&quot;}\">\n\t\t\t\t\t\t\t<div class=\"elementor-background-overlay\"><\/div>\n\t\t\t\t\t\t\t<div class=\"elementor-container elementor-column-gap-default\">\n\t\t\t\t\t<div class=\"elementor-column elementor-col-100 elementor-top-column elementor-element elementor-element-752ea81c\" data-id=\"752ea81c\" data-element_type=\"column\">\n\t\t\t<div class=\"elementor-widget-wrap elementor-element-populated\">\n\t\t\t\t\t\t<section class=\"elementor-section elementor-inner-section elementor-element elementor-element-4f3eca99 elementor-section-content-middle elementor-section-boxed elementor-section-height-default elementor-section-height-default\" data-id=\"4f3eca99\" data-element_type=\"section\">\n\t\t\t\t\t\t<div class=\"elementor-container elementor-column-gap-default\">\n\t\t\t\t\t<div class=\"elementor-column elementor-col-33 elementor-inner-column elementor-element elementor-element-4cf87f60\" data-id=\"4cf87f60\" data-element_type=\"column\">\n\t\t\t<div class=\"elementor-widget-wrap elementor-element-populated\">\n\t\t\t\t\t\t<div class=\"elementor-element elementor-element-10846fc2 elementor-widget elementor-widget-image\" data-id=\"10846fc2\" data-element_type=\"widget\" data-widget_type=\"image.default\">\n\t\t\t\t\t\t\t\t\t\t\t\t\t\t\t\t<a href=\"https:\/\/qualitaetsinitiative-medizinalcannabis.de\/\">\n\t\t\t\t\t\t\t<img decoding=\"async\" width=\"800\" height=\"158\" src=\"https:\/\/qualitaetsinitiative-medizinalcannabis.de\/wp-content\/uploads\/2025\/09\/Logo_4000x4000_Lay4_Initiative_Logo2-1024x202.png\" class=\"attachment-large size-large wp-image-453\" alt=\"\" srcset=\"https:\/\/qualitaetsinitiative-medizinalcannabis.de\/wp-content\/uploads\/2025\/09\/Logo_4000x4000_Lay4_Initiative_Logo2-1024x202.png 1024w, https:\/\/qualitaetsinitiative-medizinalcannabis.de\/wp-content\/uploads\/2025\/09\/Logo_4000x4000_Lay4_Initiative_Logo2-300x59.png 300w, https:\/\/qualitaetsinitiative-medizinalcannabis.de\/wp-content\/uploads\/2025\/09\/Logo_4000x4000_Lay4_Initiative_Logo2-768x151.png 768w, https:\/\/qualitaetsinitiative-medizinalcannabis.de\/wp-content\/uploads\/2025\/09\/Logo_4000x4000_Lay4_Initiative_Logo2-1536x302.png 1536w, https:\/\/qualitaetsinitiative-medizinalcannabis.de\/wp-content\/uploads\/2025\/09\/Logo_4000x4000_Lay4_Initiative_Logo2-2048x403.png 2048w\" sizes=\"(max-width: 800px) 100vw, 800px\" \/>\t\t\t\t\t\t\t\t<\/a>\n\t\t\t\t\t\t\t\t\t\t\t\t\t\t\t<\/div>\n\t\t\t\t\t<\/div>\n\t\t<\/div>\n\t\t\t\t<div class=\"elementor-column elementor-col-33 elementor-inner-column elementor-element elementor-element-610dcea5\" data-id=\"610dcea5\" data-element_type=\"column\">\n\t\t\t<div class=\"elementor-widget-wrap elementor-element-populated\">\n\t\t\t\t\t\t<div class=\"elementor-element elementor-element-6c817f38 elementor-icon-list--layout-inline elementor-align-center elementor-list-item-link-full_width elementor-widget elementor-widget-icon-list\" data-id=\"6c817f38\" data-element_type=\"widget\" data-widget_type=\"icon-list.default\">\n\t\t\t\t\t\t\t<ul class=\"elementor-icon-list-items elementor-inline-items\">\n\t\t\t\t\t\t\t<li class=\"elementor-icon-list-item elementor-inline-item\">\n\t\t\t\t\t\t\t\t\t\t\t<a href=\"https:\/\/qualitaetsinitiative-medizinalcannabis.de\/\">\n\n\t\t\t\t\t\t\t\t\t\t\t<span class=\"elementor-icon-list-text\">Home<\/span>\n\t\t\t\t\t\t\t\t\t\t\t<\/a>\n\t\t\t\t\t\t\t\t\t<\/li>\n\t\t\t\t\t\t\t\t<li class=\"elementor-icon-list-item elementor-inline-item\">\n\t\t\t\t\t\t\t\t\t\t\t<a href=\"https:\/\/qualitaetsinitiative-medizinalcannabis.de\/?page_id=470\">\n\n\t\t\t\t\t\t\t\t\t\t\t<span class=\"elementor-icon-list-text\">Impressum<\/span>\n\t\t\t\t\t\t\t\t\t\t\t<\/a>\n\t\t\t\t\t\t\t\t\t<\/li>\n\t\t\t\t\t\t\t\t<li class=\"elementor-icon-list-item elementor-inline-item\">\n\t\t\t\t\t\t\t\t\t\t<span class=\"elementor-icon-list-text\">Datenschutz<\/span>\n\t\t\t\t\t\t\t\t\t<\/li>\n\t\t\t\t\t\t<\/ul>\n\t\t\t\t\t\t<\/div>\n\t\t\t\t\t<\/div>\n\t\t<\/div>\n\t\t\t\t<div class=\"elementor-column elementor-col-33 elementor-inner-column elementor-element elementor-element-45c772ae\" data-id=\"45c772ae\" data-element_type=\"column\">\n\t\t\t<div class=\"elementor-widget-wrap elementor-element-populated\">\n\t\t\t\t\t\t<div class=\"elementor-element elementor-element-fd0d37f elementor-widget elementor-widget-text-editor\" data-id=\"fd0d37f\" data-element_type=\"widget\" data-widget_type=\"text-editor.default\">\n\t\t\t\t\t\t\t\t\t<p style=\"font-size: 16px;\">Qualit\u00e4tsinitiative Medizinalcannabis<br \/>Falkstra\u00dfe 5<br \/>D-60487 Frankfurt\/Main<\/p><p style=\"font-size: 16px;\">Telefon: 069 \/ 2470 6950<\/p>\t\t\t\t\t\t\t\t<\/div>\n\t\t\t\t\t<\/div>\n\t\t<\/div>\n\t\t\t\t\t<\/div>\n\t\t<\/section>\n\t\t\t\t<div class=\"elementor-element elementor-element-e7bbb1d elementor-widget elementor-widget-copyright\" data-id=\"e7bbb1d\" data-element_type=\"widget\" data-settings=\"{&quot;align_mobile&quot;:&quot;center&quot;,&quot;align&quot;:&quot;center&quot;}\" data-widget_type=\"copyright.default\">\n\t\t\t\t<div class=\"elementor-widget-container\">\n\t\t\t\t\t\t\t<div class=\"hfe-copyright-wrapper\">\n\t\t\t\t\t\t\t<span>Copyright \u00a9 2026 Qualitaetsinitiative-Medizinalcannabis.de<\/span>\n\t\t\t\t\t<\/div>\n\t\t\t\t\t\t<\/div>\n\t\t\t\t<\/div>\n\t\t\t\t\t<\/div>\n\t\t<\/div>\n\t\t\t\t\t<\/div>\n\t\t<\/section>\n\t\t\t\t<\/div>\n\t\t","protected":false},"excerpt":{"rendered":"<p>Datenschutz Wir nehmen den Schutz Ihrer pers\u00f6nlichen Daten sehr ernst. Personenbezogene Daten verarbeiten wir nur, soweit dies zur Bereitstellung einer funktionsf\u00e4higen Website erforderlich ist. 1. Verantwortlicher dk Life Science Communications GmbHFalkstra\u00dfe 560487 FrankfurtVertreten durch den Gesch\u00e4ftsf\u00fchrer Dr. Andreas KloevekornTelefon: 069 \/ 2470 6950Telefax: 069 \/ 7076 8753 Website: https:\/\/qualitaetsinitiative-medizinalcannabis.deE-Mail: info@qualitaetsinitiative-medizinalcannabis.de 2. Erhebung und Speicherung personenbezogener [&hellip;]<\/p>\n","protected":false},"author":1,"featured_media":0,"parent":0,"menu_order":0,"comment_status":"closed","ping_status":"closed","template":"","meta":{"footnotes":""},"class_list":["post-482","page","type-page","status-publish","hentry"],"_links":{"self":[{"href":"https:\/\/qualitaetsinitiative-medizinalcannabis.de\/index.php?rest_route=\/wp\/v2\/pages\/482","targetHints":{"allow":["GET"]}}],"collection":[{"href":"https:\/\/qualitaetsinitiative-medizinalcannabis.de\/index.php?rest_route=\/wp\/v2\/pages"}],"about":[{"href":"https:\/\/qualitaetsinitiative-medizinalcannabis.de\/index.php?rest_route=\/wp\/v2\/types\/page"}],"author":[{"embeddable":true,"href":"https:\/\/qualitaetsinitiative-medizinalcannabis.de\/index.php?rest_route=\/wp\/v2\/users\/1"}],"replies":[{"embeddable":true,"href":"https:\/\/qualitaetsinitiative-medizinalcannabis.de\/index.php?rest_route=%2Fwp%2Fv2%2Fcomments&post=482"}],"version-history":[{"count":10,"href":"https:\/\/qualitaetsinitiative-medizinalcannabis.de\/index.php?rest_route=\/wp\/v2\/pages\/482\/revisions"}],"predecessor-version":[{"id":917,"href":"https:\/\/qualitaetsinitiative-medizinalcannabis.de\/index.php?rest_route=\/wp\/v2\/pages\/482\/revisions\/917"}],"wp:attachment":[{"href":"https:\/\/qualitaetsinitiative-medizinalcannabis.de\/index.php?rest_route=%2Fwp%2Fv2%2Fmedia&parent=482"}],"curies":[{"name":"wp","href":"https:\/\/api.w.org\/{rel}","templated":true}]}}